{"id":455,"date":"2022-11-21T10:40:57","date_gmt":"2022-11-21T10:40:57","guid":{"rendered":"https:\/\/bluecare.ch\/fr\/?page_id=455"},"modified":"2023-04-05T15:44:46","modified_gmt":"2023-04-05T13:44:46","slug":"conseil-experts","status":"publish","type":"page","link":"http:\/\/bluecare.ch\/fr\/conseil-experts\/","title":{"rendered":"Contacter l&rsquo;\u00e9quipe commerciale"},"content":{"rendered":"\r\n<div id=\"heading-block_637b566acfba6\" class=\"p-heading\">\r\n    <div class=\"p-heading__container container\">\r\n        <div class=\"p-heading__main\">\r\n            <div class=\"p-heading__content\">\r\n                <h1 class=\"p-heading__title mobile-desktop-title\">\r\n                    <div class=\"h1_animation mobile-desktop-title--desktop\">Une d\u00e9mo vaut mille mots: <br \/>\r\n<span>faites-vous une id\u00e9e de <br \/>\r\nnos produits en direct<\/span><\/div>\r\n                    <div class=\"h1_animation mobile-desktop-title--mobile\">Une d\u00e9mo vaut mille mots:<br \/>\r\nfaites-vous une id\u00e9e de nos <span>produits <\/span><br \/>\r\n<span>en direct<\/span><\/div>\r\n                <\/h1>\r\n                                <div data-aos=\"fade-up\" data-aos-delay=\"400\">\r\n                    <p class=\"rosarotfliesstext\" style=\"text-align: left\" align=\"left\"><span lang=\"FR-CH\">Nous avons tant \u00e0 dire sur nos produits, mais le meilleur moyen pour eux de s\u2019imposer comme une \u00e9vidence aux yeux des m\u00e9decins et assistants m\u00e9dicaux est encore une d\u00e9monstration en direct. Nous nous ferons un plaisir de vous rendre visite en personne et de vous pr\u00e9senter nos produits et leurs atouts, et ce, gratuitement et sans engagement. Par ailleurs, nous livrons volontiers un aper\u00e7u de nos solutions de Managed Care aux assureurs et responsables en la mati\u00e8re. <\/span><\/p>\n<p class=\"rosarotfliesstext\" style=\"text-align: left\" align=\"left\"><strong><span lang=\"FR-CH\">Contactez-nous simplement par t\u00e9l\u00e9phone ou par e-mail. <\/span><\/strong><\/p>\n                <\/div>\r\n                            <\/div>\r\n        <\/div>\r\n    <\/div>\r\n<\/div>\r\n<!-- \/p-heading -->\r\n\n\n\r\n<div id=\"support-content-block_637b66b50f625\" class=\"p-wrapper\">\r\n    <div class=\"p-wrapper__container p-wrapper__container--bg container\"> \r\n        <div class=\"p-content\">\r\n\r\n                    <ul class=\"b-icon-list b-icon-list--c-support\" data-aos=\"fade-up\" data-aos-delay=\"560\">\r\n                                \r\n                <li>\r\n                                            <img loading=\"lazy\" decoding=\"async\" src=\"http:\/\/bluecare.ch\/fr\/wp-content\/uploads\/sites\/3\/2022\/11\/ben-1-1-1.png\" width=\"74\" height=\"74\" srcset=\"http:\/\/bluecare.ch\/fr\/wp-content\/uploads\/sites\/3\/2022\/11\/ben-1-2-1.png 2x\" alt=\"\" \/>\r\n                                        <p>D\u00e9couvrez nos produits en visioconf\u00e9rence ou directement sur place dans votre cabinet <\/p>\r\n                <\/li>\r\n\r\n                                \r\n                <li>\r\n                                            <img loading=\"lazy\" decoding=\"async\" src=\"http:\/\/bluecare.ch\/fr\/wp-content\/uploads\/sites\/3\/2022\/11\/ben-3-1-1.png\" width=\"74\" height=\"74\" srcset=\"http:\/\/bluecare.ch\/fr\/wp-content\/uploads\/sites\/3\/2022\/11\/ben-3-2-1.png 2x\" alt=\"\" \/>\r\n                                        <p>D\u00e9terminons ensemble comment am\u00e9liorer l\u2019efficacit\u00e9 de vos t\u00e2ches administratives <\/p>\r\n                <\/li>\r\n\r\n                                \r\n                <li>\r\n                                            <img loading=\"lazy\" decoding=\"async\" src=\"http:\/\/bluecare.ch\/fr\/wp-content\/uploads\/sites\/3\/2022\/11\/ben-2-1-1.png\" width=\"74\" height=\"74\" srcset=\"http:\/\/bluecare.ch\/fr\/wp-content\/uploads\/sites\/3\/2022\/11\/ben-2-2-1.png 2x\" alt=\"\" \/>\r\n                                        <p>Nous nous ferons un plaisir de vous rendre visite en personne, et ce, gratuitement <\/p>\r\n                <\/li>\r\n\r\n                                \r\n                <li>\r\n                                            <img loading=\"lazy\" decoding=\"async\" src=\"http:\/\/bluecare.ch\/fr\/wp-content\/uploads\/sites\/3\/2023\/01\/BlueCareIconThumbsUp5.png\" width=\"74\" height=\"74\" srcset=\"http:\/\/bluecare.ch\/fr\/wp-content\/uploads\/sites\/3\/2023\/01\/BlueCareIconThumbsUp6.png 2x\" alt=\"\" \/>\r\n                                        <p>Nous serons ravis de vous conseiller et partager notre savoir-faire en mati\u00e8re de Managed Care <\/p>\r\n                <\/li>\r\n\r\n                            <\/ul>\r\n            \r\n            <div class=\"support-block support-block--c-support\" data-aos=\"fade-up\" data-aos-delay=\"80\">\r\n                <div class=\"support-block__wrap\">\r\n                    <div class=\"support-block__wrap-left\">\r\n\r\n                        <div class=\"support-block__wrap-item\">\r\n                            <div class=\"support-block__wrap-item-title\">Conseil par des experts<\/div>\r\n                            <div class=\"support-block__wrap-item-status has_info availability-status\" data-available-time-to=\"18.00\" data-available-time-from=\"08.00\" data-weekend-days=\"0,6\">\r\n                                <span class=\"availability-status__icon\"><\/span>\r\n                                <div class=\"availability-status__text\">\r\n                                    <span>Accessible maintenant<\/span> (jusqu&rsquo;\u00e0 18.00  )\r\n                                <\/div>\r\n                                <div class=\"availability-status__text availability-status__text--not_available\">\r\n                                    <span>Pas disponible<\/span> (\u00e0 08.00  )\r\n                                <\/div>\r\n                            <\/div>\r\n                            <a class=\"support-block__wrap-item-phone button button-lined\" href=\"tel:0800 11 55 66\">\r\n                                <div class=\"button-lined--desktop\">0800 11 55 66<\/div>\r\n\t\t                        <div class=\"button-lined--mobile\">0800 11 55 66<\/div>\r\n                            <\/a>\r\n                        <\/div>\r\n\r\n                        <div class=\"support-block__wrap-right desktop-hidden\">\r\n                                                    <img decoding=\"async\" src=\"http:\/\/bluecare.ch\/fr\/wp-content\/uploads\/sites\/3\/2022\/11\/cs1.2-1.png\" class=\"support-block__wrap-image\" alt=\"\" \/>\r\n                                                <\/div>\r\n\r\n                        \n<div class=\"wpcf7 no-js\" id=\"wpcf7-f492-o1\" lang=\"en-US\" dir=\"ltr\" data-wpcf7-id=\"492\">\n<div class=\"screen-reader-response\"><p role=\"status\" aria-live=\"polite\" aria-atomic=\"true\"><\/p> <ul><\/ul><\/div>\n<form action=\"\/fr\/wp-json\/wp\/v2\/pages\/455#wpcf7-f492-o1\" method=\"post\" class=\"wpcf7-form init p-form p-form--c-support\" aria-label=\"Contact form\" novalidate=\"novalidate\" data-status=\"init\">\n<fieldset class=\"hidden-fields-container\"><input type=\"hidden\" name=\"_wpcf7\" value=\"492\" \/><input type=\"hidden\" name=\"_wpcf7_version\" value=\"6.1.5\" \/><input type=\"hidden\" name=\"_wpcf7_locale\" value=\"en_US\" \/><input type=\"hidden\" name=\"_wpcf7_unit_tag\" value=\"wpcf7-f492-o1\" \/><input type=\"hidden\" name=\"_wpcf7_container_post\" value=\"0\" \/><input type=\"hidden\" name=\"_wpcf7_posted_data_hash\" value=\"\" \/><input type=\"hidden\" name=\"_wpcf7_recaptcha_response\" value=\"\" \/>\n<\/fieldset>\n<h2 class=\"p-form__heading\">Formulaire de contact<\/h2>\n<p class=\"p-form__caption\">Nous nous ferons un plaisir de r\u00e9pondre personnellement \u00e0 vos questions et de vous pr\u00e9senter le produit BlueCare de votre choix.<\/p>\n\n    <fieldset class=\"p-form__fieldset\">\n\n     <div class=\"p-form__row p-form__row-50\">\n      <div class=\"p-form__group\">\n       <label class=\"p-form__label\" for=\"support-vname\"><\/label>\n       <span class=\"wpcf7-form-control-wrap\" data-name=\"text-439\"><input size=\"40\" maxlength=\"400\" class=\"wpcf7-form-control wpcf7-text wpcf7-validates-as-required p-form__text-input\" id=\"support-vname\" aria-required=\"true\" aria-invalid=\"false\" placeholder=\"Pr\u00e9nom*\" value=\"\" type=\"text\" name=\"text-439\" \/><\/span>\n       <div class=\"p-form__msg\"><\/div>\n      <\/div>\n      <div class=\"p-form__group\">\n       <label class=\"p-form__label\" for=\"support-name\"><\/label>\n       <span class=\"wpcf7-form-control-wrap\" data-name=\"text-440\"><input size=\"40\" maxlength=\"400\" class=\"wpcf7-form-control wpcf7-text wpcf7-validates-as-required p-form__text-input\" id=\"support-name\" aria-required=\"true\" aria-invalid=\"false\" placeholder=\"Nom*\" value=\"\" type=\"text\" name=\"text-440\" \/><\/span>\n       <div class=\"p-form__msg\"><\/div>\n      <\/div>\n     <\/div>\n\n     <div class=\"p-form__row p-form__row-50\">\n      <div class=\"p-form__group\">\n       <label class=\"p-form__label\" for=\"support-praxis\"><\/label>\n       <span class=\"wpcf7-form-control-wrap\" data-name=\"text-441\"><input size=\"40\" maxlength=\"400\" class=\"wpcf7-form-control wpcf7-text p-form__text-input\" id=\"support-praxis\" aria-invalid=\"false\" placeholder=\"Cabinet m\u00e9dical\" value=\"\" type=\"text\" name=\"text-441\" \/><\/span>\n      <div class=\"p-form__msg\"><\/div>\n     <\/div>\n     <div class=\"p-form__group\">\n      <label class=\"p-form__label\" for=\"support-mail\"><\/label>\n      <span class=\"wpcf7-form-control-wrap\" data-name=\"email-522\"><input size=\"40\" maxlength=\"400\" class=\"wpcf7-form-control wpcf7-email wpcf7-validates-as-required wpcf7-text wpcf7-validates-as-email p-form__text-input\" id=\"support-mail\" aria-required=\"true\" aria-invalid=\"false\" placeholder=\"E-Mail*\" value=\"\" type=\"email\" name=\"email-522\" \/><\/span>\n      <div class=\"p-form__msg\"><\/div>\n     <\/div>\n    <\/div>\n    <div class=\"p-form__row p-form__row-50\">\n     <div class=\"p-form__group\">\n      <label class=\"p-form__label\" for=\"support-tel\"><\/label>\n      <span class=\"wpcf7-form-control-wrap\" data-name=\"tel-683\"><input size=\"40\" maxlength=\"400\" class=\"wpcf7-form-control wpcf7-tel wpcf7-validates-as-required wpcf7-text wpcf7-validates-as-tel p-form__text-input\" id=\"support-tel\" aria-required=\"true\" aria-invalid=\"false\" placeholder=\"T\u00e9l\u00e9phone*\" value=\"\" type=\"tel\" name=\"tel-683\" \/><\/span>\n      <div class=\"p-form__msg\"><\/div>\n     <\/div>\n    <\/div>\n    <div class=\"p-form__group\">\n     <label class=\"p-form__label\" for=\"support-comment\"><\/label>\n     <span class=\"wpcf7-form-control-wrap\" data-name=\"textarea-203\"><textarea cols=\"30\" rows=\"1\" maxlength=\"2000\" class=\"wpcf7-form-control wpcf7-textarea p-form__textarea\" id=\"support-comment\" aria-invalid=\"false\" placeholder=\"Commentaire\" name=\"textarea-203\"><\/textarea><\/span>\n     <div class=\"p-form__msg\"><\/div>\n    <\/div>\n   <\/fieldset>\n\n<fieldset class=\"p-form__fieldset\">\n    <h3 class=\"p-form__title\">Que souhaitez-vous?<\/h3>\n     <div class=\"p-form__row p-form__row--radio\">\n      <div class=\"p-form__group\">\n       <label class=\"p-form__radio-label\" for=\"demande\">\n       <span class=\"p-form__radio-title\">Demande de rendez-vous<\/span>\n       <input class=\"p-form__radio-input\" type=\"radio\" name=\"was-wunschen-sie\" data-pr=\"\" id=\"demande\" checked=\"checked\" value=\"Demande de rendez-vous\">\n       <span class=\"p-form__radio-checkmark\"><\/span>\n      <\/label>\n     <\/div>\n     <div class=\"p-form__group\">\n      <label class=\"p-form__radio-label\" for=\"support\">\n      <span class=\"p-form__radio-title\">Support<\/span>\n      <input class=\"p-form__radio-input\" type=\"radio\" name=\"was-wunschen-sie\" data-pr=\"\" id=\"support\" value=\"Support\">\n      <span class=\"p-form__radio-checkmark\"><\/span>\n     <\/label>\n    <\/div>\n    <div class=\"p-form__group\">\n      <label class=\"p-form__radio-label\" for=\"phone\">\n      <span class=\"p-form__radio-title\">T\u00e9l\u00e9phone<\/span>\n      <input class=\"p-form__radio-input\" type=\"radio\" name=\"was-wunschen-sie\" data-pr=\"\" id=\"phone\" value=\"T\u00e9l\u00e9phone\">\n      <span class=\"p-form__radio-checkmark\"><\/span>\n     <\/label>\n    <\/div>\n    <div class=\"p-form__group\">\n      <label class=\"p-form__radio-label\" for=\"renseignements\">\n      <span class=\"p-form__radio-title\">Renseignements g\u00e9n\u00e9raux<\/span>\n      <input class=\"p-form__radio-input\" type=\"radio\" name=\"was-wunschen-sie\" data-pr=\"\" id=\"renseignements\" value=\"Renseignements g\u00e9n\u00e9raux\">\n      <span class=\"p-form__radio-checkmark\"><\/span>\n     <\/label>\n    <\/div>\n   <\/div>\n   <\/fieldset>\n\n   <fieldset class=\"p-form__fieldset\">\n    <h3 class=\"p-form__title\">Qu&rsquo;est-ce qui vous int\u00e9resse?<\/h3>\n     <div class=\"p-form__row p-form__row--radio\">\n      <div class=\"p-form__group\">\n       <label class=\"p-form__radio-label\" for=\"support-interest-1\">\n       <span class=\"p-form__radio-title\">Informations g\u00e9n\u00e9rales<\/span>\n       <input class=\"p-form__radio-input\" type=\"checkbox\" name=\"support-interest\" data-pr=\"\" id=\"support-interest-1\" checked=\"checked\" value=\"Informations g\u00e9n\u00e9rales\">\n       <span class=\"p-form__radio-checkmark p-form__checkbox-checkmark\"><\/span>\n      <\/label>\n     <\/div>\n     <div class=\"p-form__group\">\n      <label class=\"p-form__radio-label\" for=\"support-interest-2\">\n       <span class=\"p-form__radio-title\">BlueEvidence<\/span>\n       <input class=\"p-form__radio-input\" type=\"checkbox\" name=\"support-interest\" data-pr=\"blueevidence\" id=\"support-interest-2\" value=\"BlueEvidence\">\n       <span class=\"p-form__radio-checkmark p-form__checkbox-checkmark\"><\/span>\n      <\/label>\n     <\/div>\n     <div class=\"p-form__group\">\n      <label class=\"p-form__radio-label\" for=\"support-interest-3\">\n       <span class=\"p-form__radio-title\">L\u2019outil de transmission des ordonnances<\/span>\n       <input class=\"p-form__radio-input\" type=\"checkbox\" name=\"support-interest\" id=\"support-interest-3\" data-pr=\"l'outil de transmission des ordonnances\">\n       <span class=\"p-form__radio-checkmark p-form__checkbox-checkmark\"><\/span>\n      <\/label>\n     <\/div>\n     <div class=\"p-form__group\">\n      <label class=\"p-form__radio-label\" for=\"support-interest-4\">\n       <span class=\"p-form__radio-title\">BlueCCM<\/span>\n       <input class=\"p-form__radio-input\" type=\"checkbox\" name=\"support-interest\" data-pr=\"blueccm\" id=\"support-interest-4\" value=\"BlueCCM\">\n       <span class=\"p-form__radio-checkmark p-form__checkbox-checkmark\"><\/span>\n      <\/label>\n     <\/div>\n     <div class=\"p-form__group\">\n      <label class=\"p-form__radio-label\" for=\"support-interest-5\">\n       <span class=\"p-form__radio-title\">BlueMedication<\/span>\n       <input class=\"p-form__radio-input\" type=\"checkbox\" name=\"support-interest\" data-pr=\"bluemedication\" id=\"support-interest-5\" value=\"BlueMedication\">\n       <span class=\"p-form__radio-checkmark p-form__checkbox-checkmark\"><\/span>\n      <\/label>\n     <\/div>\n     <div class=\"p-form__group\">\n      <label class=\"p-form__radio-label\" for=\"support-interest-6\">\n       <span class=\"p-form__radio-title\">BlueConnect<\/span>\n       <input class=\"p-form__radio-input\" type=\"checkbox\" name=\"support-interest\" data-pr=\"blueconnect\" id=\"support-interest-6\" value=\"BlueConnect\">\n       <span class=\"p-form__radio-checkmark p-form__checkbox-checkmark\"><\/span>\n      <\/label>\n     <\/div>\n     <div class=\"p-form__group\">\n      <label class=\"p-form__radio-label\" for=\"support-interest-7\">\n       <span class=\"p-form__radio-title\">Hub de MAA<\/span>\n       <input class=\"p-form__radio-input\" type=\"checkbox\" name=\"support-interest\" data-pr=\"hub de maa\" id=\"support-interest-7\" value=\"Hub de MAA\">\n       <span class=\"p-form__radio-checkmark p-form__checkbox-checkmark\"><\/span>\n      <\/label>\n     <\/div>\n     <div class=\"p-form__group\">\n      <label class=\"p-form__radio-label\" for=\"support-interest-8\">\n       <span class=\"p-form__radio-title\">Medical Safe<\/span>\n       <input class=\"p-form__radio-input\" type=\"checkbox\" name=\"support-interest\" data-pr=\"medicalsafe\" id=\"support-interest-8\" value=\"Medical Safe\">\n       <span class=\"p-form__radio-checkmark p-form__checkbox-checkmark\"><\/span>\n      <\/label>\n     <\/div>\n      <div class=\"p-form__group\">\n      <label class=\"p-form__radio-label\" for=\"support-interest-9\">\n       <span class=\"p-form__radio-title\">demandes d\u2019ordonnance<\/span>\n       <input class=\"p-form__radio-input\" type=\"checkbox\" name=\"support-interest\" data-pr=\"demandes d\u2019ordonnance\" id=\"support-interest-9\" value=\"demandes d\u2019ordonnance\">\n       <span class=\"p-form__radio-checkmark p-form__checkbox-checkmark\"><\/span>\n      <\/label>\n     <\/div>\n    <\/div>\n   <\/fieldset>\n   <input class=\"wpcf7-form-control wpcf7-hidden\" id=\"cf_thankyouURL\" value=\"\/fr\/merci\/\" type=\"hidden\" name=\"cf_thankyouURL\" \/>\n   <input class=\"wpcf7-form-control wpcf7-hidden\" id=\"support-interest\" value=\"\" type=\"hidden\" name=\"support-interest\" \/>\n\n   <div class=\"p-form__group\">\n    <input class=\"wpcf7-form-control wpcf7-submit has-spinner p-form__btn button button-lined\" id=\"support-submit\" type=\"submit\" value=\"envoyer\" \/>\n    <span><\/span>\n   <\/div><div class=\"wpcf7-response-output\" aria-hidden=\"true\"><\/div>\n<\/form>\n<\/div>\n\r\n                    <\/div>\r\n\r\n                    <div class=\"support-block__wrap-right tablet-hidden\">\r\n                                            <img decoding=\"async\" src=\"http:\/\/bluecare.ch\/fr\/wp-content\/uploads\/sites\/3\/2022\/11\/cs1.2-1.png\" class=\"support-block__wrap-image\" alt=\"\" \/>\r\n                                        <\/div>\r\n\r\n                <\/div>\r\n            <\/div>\r\n\r\n        <\/div>\r\n    <\/div>\r\n<\/div>","protected":false},"excerpt":{"rendered":"","protected":false},"author":1,"featured_media":0,"parent":0,"menu_order":0,"comment_status":"closed","ping_status":"closed","template":"","meta":{"_acf_changed":false,"inline_featured_image":false,"ngg_post_thumbnail":0,"footnotes":""},"class_list":["post-455","page","type-page","status-publish","hentry"],"acf":[],"yoast_head":"<!-- This site is optimized with the Yoast SEO Premium plugin v27.5 (Yoast SEO v27.5) - https:\/\/yoast.com\/product\/yoast-seo-premium-wordpress\/ -->\n<title>Contacter l&#039;\u00e9quipe commerciale - Bluecare FR<\/title>\n<meta name=\"description\" content=\"Nos conseillers\/conseill\u00e8res vous pr\u00e9sentent nos produits gratuitement et sans engagement dans votre cabinet. Contactez-nous d\u00e8s maintenant par t\u00e9l\u00e9phone ou via le formulaire de contact.\" \/>\n<meta name=\"robots\" content=\"index, follow, max-snippet:-1, max-image-preview:large, max-video-preview:-1\" \/>\n<link rel=\"canonical\" href=\"http:\/\/bluecare.ch\/fr\/conseil-experts\/\" \/>\n<meta property=\"og:locale\" content=\"fr_FR\" \/>\n<meta property=\"og:type\" content=\"article\" \/>\n<meta property=\"og:title\" content=\"Contacter l&#039;\u00e9quipe commerciale - Bluecare FR\" \/>\n<meta property=\"og:description\" content=\"Nos conseillers\/conseill\u00e8res vous pr\u00e9sentent nos produits gratuitement et sans engagement dans votre cabinet. Contactez-nous d\u00e8s maintenant par t\u00e9l\u00e9phone ou via le formulaire de contact.\" \/>\n<meta property=\"og:url\" content=\"http:\/\/bluecare.ch\/fr\/conseil-experts\/\" \/>\n<meta property=\"og:site_name\" content=\"Bluecare FR\" \/>\n<meta property=\"article:modified_time\" content=\"2023-04-05T13:44:46+00:00\" \/>\n<meta name=\"twitter:card\" content=\"summary_large_image\" \/>\n<script type=\"application\/ld+json\" class=\"yoast-schema-graph\">{\"@context\":\"https:\\\/\\\/schema.org\",\"@graph\":[{\"@type\":\"WebPage\",\"@id\":\"http:\\\/\\\/bluecare.ch\\\/fr\\\/conseil-experts\\\/\",\"url\":\"http:\\\/\\\/bluecare.ch\\\/fr\\\/conseil-experts\\\/\",\"name\":\"Contacter l'\u00e9quipe commerciale - Bluecare FR\",\"isPartOf\":{\"@id\":\"https:\\\/\\\/bluecare.ch\\\/fr\\\/#website\"},\"datePublished\":\"2022-11-21T10:40:57+00:00\",\"dateModified\":\"2023-04-05T13:44:46+00:00\",\"description\":\"Nos conseillers\\\/conseill\u00e8res vous pr\u00e9sentent nos produits gratuitement et sans engagement dans votre cabinet. Contactez-nous d\u00e8s maintenant par t\u00e9l\u00e9phone ou via le formulaire de contact.\",\"inLanguage\":\"fr-FR\",\"potentialAction\":[{\"@type\":\"ReadAction\",\"target\":[\"http:\\\/\\\/bluecare.ch\\\/fr\\\/conseil-experts\\\/\"]}]},{\"@type\":\"WebSite\",\"@id\":\"https:\\\/\\\/bluecare.ch\\\/fr\\\/#website\",\"url\":\"https:\\\/\\\/bluecare.ch\\\/fr\\\/\",\"name\":\"Bluecare FR\",\"description\":\"Just another WordPress site\",\"potentialAction\":[{\"@type\":\"SearchAction\",\"target\":{\"@type\":\"EntryPoint\",\"urlTemplate\":\"https:\\\/\\\/bluecare.ch\\\/fr\\\/?s={search_term_string}\"},\"query-input\":{\"@type\":\"PropertyValueSpecification\",\"valueRequired\":true,\"valueName\":\"search_term_string\"}}],\"inLanguage\":\"fr-FR\"}]}<\/script>\n<!-- \/ Yoast SEO Premium plugin. -->","yoast_head_json":{"title":"Contacter l'\u00e9quipe commerciale - Bluecare FR","description":"Nos conseillers\/conseill\u00e8res vous pr\u00e9sentent nos produits gratuitement et sans engagement dans votre cabinet. Contactez-nous d\u00e8s maintenant par t\u00e9l\u00e9phone ou via le formulaire de contact.","robots":{"index":"index","follow":"follow","max-snippet":"max-snippet:-1","max-image-preview":"max-image-preview:large","max-video-preview":"max-video-preview:-1"},"canonical":"http:\/\/bluecare.ch\/fr\/conseil-experts\/","og_locale":"fr_FR","og_type":"article","og_title":"Contacter l'\u00e9quipe commerciale - Bluecare FR","og_description":"Nos conseillers\/conseill\u00e8res vous pr\u00e9sentent nos produits gratuitement et sans engagement dans votre cabinet. Contactez-nous d\u00e8s maintenant par t\u00e9l\u00e9phone ou via le formulaire de contact.","og_url":"http:\/\/bluecare.ch\/fr\/conseil-experts\/","og_site_name":"Bluecare FR","article_modified_time":"2023-04-05T13:44:46+00:00","twitter_card":"summary_large_image","schema":{"@context":"https:\/\/schema.org","@graph":[{"@type":"WebPage","@id":"http:\/\/bluecare.ch\/fr\/conseil-experts\/","url":"http:\/\/bluecare.ch\/fr\/conseil-experts\/","name":"Contacter l'\u00e9quipe commerciale - Bluecare FR","isPartOf":{"@id":"https:\/\/bluecare.ch\/fr\/#website"},"datePublished":"2022-11-21T10:40:57+00:00","dateModified":"2023-04-05T13:44:46+00:00","description":"Nos conseillers\/conseill\u00e8res vous pr\u00e9sentent nos produits gratuitement et sans engagement dans votre cabinet. Contactez-nous d\u00e8s maintenant par t\u00e9l\u00e9phone ou via le formulaire de contact.","inLanguage":"fr-FR","potentialAction":[{"@type":"ReadAction","target":["http:\/\/bluecare.ch\/fr\/conseil-experts\/"]}]},{"@type":"WebSite","@id":"https:\/\/bluecare.ch\/fr\/#website","url":"https:\/\/bluecare.ch\/fr\/","name":"Bluecare FR","description":"Just another WordPress site","potentialAction":[{"@type":"SearchAction","target":{"@type":"EntryPoint","urlTemplate":"https:\/\/bluecare.ch\/fr\/?s={search_term_string}"},"query-input":{"@type":"PropertyValueSpecification","valueRequired":true,"valueName":"search_term_string"}}],"inLanguage":"fr-FR"}]}},"_links":{"self":[{"href":"http:\/\/bluecare.ch\/fr\/wp-json\/wp\/v2\/pages\/455","targetHints":{"allow":["GET"]}}],"collection":[{"href":"http:\/\/bluecare.ch\/fr\/wp-json\/wp\/v2\/pages"}],"about":[{"href":"http:\/\/bluecare.ch\/fr\/wp-json\/wp\/v2\/types\/page"}],"author":[{"embeddable":true,"href":"http:\/\/bluecare.ch\/fr\/wp-json\/wp\/v2\/users\/1"}],"replies":[{"embeddable":true,"href":"http:\/\/bluecare.ch\/fr\/wp-json\/wp\/v2\/comments?post=455"}],"version-history":[{"count":62,"href":"http:\/\/bluecare.ch\/fr\/wp-json\/wp\/v2\/pages\/455\/revisions"}],"predecessor-version":[{"id":3156,"href":"http:\/\/bluecare.ch\/fr\/wp-json\/wp\/v2\/pages\/455\/revisions\/3156"}],"wp:attachment":[{"href":"http:\/\/bluecare.ch\/fr\/wp-json\/wp\/v2\/media?parent=455"}],"curies":[{"name":"wp","href":"https:\/\/api.w.org\/{rel}","templated":true}]}}