{"id":723,"date":"2022-11-29T13:52:52","date_gmt":"2022-11-29T13:52:52","guid":{"rendered":"https:\/\/bluecare.ch\/fr\/?page_id=723"},"modified":"2023-04-17T15:44:46","modified_gmt":"2023-04-17T13:44:46","slug":"mentions-legales","status":"publish","type":"page","link":"http:\/\/bluecare.ch\/fr\/mentions-legales\/","title":{"rendered":"Mentions l\u00e9gales"},"content":{"rendered":"\r\n<section id=\"simple-text-block_63860e00878b5\" class=\"impressum\">\r\n    <div class=\"container\">\r\n\t\t            <div class=\"impressum-heading\">\r\n                <h1 class=\"h2\">Mentions l\u00e9gales<\/h1>\r\n            <\/div>\r\n\t\t\t\t\t\t\t                <div class=\"impressum-block\">\r\n\t\t\t\t\t<p><b>BlueCare AG<\/b><br \/>\nPflanzschulstrasse 3<br \/>\n8400 Winterthour<br \/>\n<a href=\"mailto:info@bluecare.ch\">info@bluecare.ch<\/a><\/p>\n                <\/div>\r\n\t\t\t                <div class=\"impressum-block\">\r\n\t\t\t\t\t<p><b>G\u00e9rants<\/b><br \/>\nLorenz Fehr, Stefan Sieber<\/p>\n                <\/div>\r\n\t\t\t                <div class=\"impressum-block\">\r\n\t\t\t\t\t<p><b>Contenus<\/b><br \/>\nJeannine Meyer, Senior Marketing &amp; Kommunikation Managerin<br \/>\nBlueCare AG<\/p>\n                <\/div>\r\n\t\t\t                <div class=\"impressum-block\">\r\n\t\t\t\t\t<p><strong>Site web<br \/>\n<\/strong>Concept, cr\u00e9ation et texte:<br \/>\nROSAROT, Zurich<br \/>\nUX: Silvain Morger<\/p>\n                <\/div>\r\n\t\t\t                <div class=\"impressum-block\">\r\n\t\t\t\t\t<p><b>Programmation<\/b><br \/>\n<a href=\"https:\/\/one-line.ch\/\" target=\"_blank\" rel=\"noopener\">ONELINE<\/a><\/p>\n                <\/div>\r\n\t\t\t                <div class=\"impressum-block\">\r\n\t\t\t\t\t<p class=\"rosarotfliesstext\" style=\"text-align: left;line-height: 115%\" align=\"left\"><b><span lang=\"FR-CH\">Photos et illustrations<br \/>\n<\/span><\/b>Artify Photography<\/p>\n                <\/div>\r\n\t\t\t                <div class=\"impressum-block\">\r\n\t\t\t\t\t<p class=\"rosarotfliesstext\" style=\"text-align: left;line-height: 115%\" align=\"left\"><span lang=\"FR-CH\">Les pr\u00e9sentes mentions l\u00e9gales ont \u00e9t\u00e9 r\u00e9dig\u00e9es le 01.01.2023 en collaboration avec Rosarot AG \u00e0 Zurich. La soci\u00e9t\u00e9 Rosarot AG sise \u00e0 Zurich d\u00e9cline toute responsabilit\u00e9.<\/span><\/p>\n                <\/div>\r\n\t\t\t                <div class=\"impressum-block\">\r\n\t\t\t\t\t<p><strong>Protection des donn\u00e9es<br \/>\n<\/strong>Pour en savoir plus sur l\u2019utilisation de vos donn\u00e9es, consultez notre&nbsp;<a href=\"https:\/\/bluecare.ch\/fr\/protection_des_donn\u00e9es\">Politique de confidentialit\u00e9<\/a>.<\/p>\n                <\/div>\r\n\t\t\t\t\t\r\n    <\/div>\r\n<\/section>\r\n","protected":false},"excerpt":{"rendered":"","protected":false},"author":1,"featured_media":0,"parent":0,"menu_order":0,"comment_status":"closed","ping_status":"closed","template":"","meta":{"_acf_changed":false,"inline_featured_image":false,"ngg_post_thumbnail":0,"footnotes":""},"class_list":["post-723","page","type-page","status-publish","hentry"],"acf":[],"yoast_head":"<!-- This site is optimized with the Yoast SEO Premium plugin v25.5 (Yoast SEO v25.5) - https:\/\/yoast.com\/wordpress\/plugins\/seo\/ -->\n<title>Mentions l\u00e9gales - Bluecare FR<\/title>\n<meta name=\"description\" content=\"Informez-vous ici sur nos mentions l\u00e9gales.\" \/>\n<meta name=\"robots\" content=\"index, follow, max-snippet:-1, max-image-preview:large, max-video-preview:-1\" \/>\n<link rel=\"canonical\" href=\"https:\/\/bluecare.ch\/fr\/mentions-legales\/\" \/>\n<meta property=\"og:locale\" content=\"fr_FR\" \/>\n<meta property=\"og:type\" content=\"article\" \/>\n<meta property=\"og:title\" content=\"Mentions l\u00e9gales - Bluecare FR\" \/>\n<meta property=\"og:description\" content=\"Informez-vous ici sur nos mentions l\u00e9gales.\" \/>\n<meta property=\"og:url\" content=\"https:\/\/bluecare.ch\/fr\/mentions-legales\/\" \/>\n<meta property=\"og:site_name\" content=\"Bluecare FR\" \/>\n<meta property=\"article:modified_time\" content=\"2023-04-17T13:44:46+00:00\" \/>\n<meta name=\"twitter:card\" content=\"summary_large_image\" \/>\n<script type=\"application\/ld+json\" class=\"yoast-schema-graph\">{\"@context\":\"https:\/\/schema.org\",\"@graph\":[{\"@type\":\"WebPage\",\"@id\":\"https:\/\/bluecare.ch\/fr\/mentions-legales\/\",\"url\":\"https:\/\/bluecare.ch\/fr\/mentions-legales\/\",\"name\":\"Mentions l\u00e9gales - Bluecare FR\",\"isPartOf\":{\"@id\":\"https:\/\/bluecare.ch\/fr\/#website\"},\"datePublished\":\"2022-11-29T13:52:52+00:00\",\"dateModified\":\"2023-04-17T13:44:46+00:00\",\"description\":\"Informez-vous ici sur nos mentions l\u00e9gales.\",\"inLanguage\":\"fr-FR\",\"potentialAction\":[{\"@type\":\"ReadAction\",\"target\":[\"https:\/\/bluecare.ch\/fr\/mentions-legales\/\"]}]},{\"@type\":\"WebSite\",\"@id\":\"https:\/\/bluecare.ch\/fr\/#website\",\"url\":\"https:\/\/bluecare.ch\/fr\/\",\"name\":\"Bluecare FR\",\"description\":\"Just another WordPress site\",\"potentialAction\":[{\"@type\":\"SearchAction\",\"target\":{\"@type\":\"EntryPoint\",\"urlTemplate\":\"https:\/\/bluecare.ch\/fr\/?s={search_term_string}\"},\"query-input\":{\"@type\":\"PropertyValueSpecification\",\"valueRequired\":true,\"valueName\":\"search_term_string\"}}],\"inLanguage\":\"fr-FR\"}]}<\/script>\n<!-- \/ Yoast SEO Premium plugin. -->","yoast_head_json":{"title":"Mentions l\u00e9gales - Bluecare FR","description":"Informez-vous ici sur nos mentions l\u00e9gales.","robots":{"index":"index","follow":"follow","max-snippet":"max-snippet:-1","max-image-preview":"max-image-preview:large","max-video-preview":"max-video-preview:-1"},"canonical":"https:\/\/bluecare.ch\/fr\/mentions-legales\/","og_locale":"fr_FR","og_type":"article","og_title":"Mentions l\u00e9gales - Bluecare FR","og_description":"Informez-vous ici sur nos mentions l\u00e9gales.","og_url":"https:\/\/bluecare.ch\/fr\/mentions-legales\/","og_site_name":"Bluecare FR","article_modified_time":"2023-04-17T13:44:46+00:00","twitter_card":"summary_large_image","schema":{"@context":"https:\/\/schema.org","@graph":[{"@type":"WebPage","@id":"https:\/\/bluecare.ch\/fr\/mentions-legales\/","url":"https:\/\/bluecare.ch\/fr\/mentions-legales\/","name":"Mentions l\u00e9gales - Bluecare FR","isPartOf":{"@id":"https:\/\/bluecare.ch\/fr\/#website"},"datePublished":"2022-11-29T13:52:52+00:00","dateModified":"2023-04-17T13:44:46+00:00","description":"Informez-vous ici sur nos mentions l\u00e9gales.","inLanguage":"fr-FR","potentialAction":[{"@type":"ReadAction","target":["https:\/\/bluecare.ch\/fr\/mentions-legales\/"]}]},{"@type":"WebSite","@id":"https:\/\/bluecare.ch\/fr\/#website","url":"https:\/\/bluecare.ch\/fr\/","name":"Bluecare FR","description":"Just another WordPress site","potentialAction":[{"@type":"SearchAction","target":{"@type":"EntryPoint","urlTemplate":"https:\/\/bluecare.ch\/fr\/?s={search_term_string}"},"query-input":{"@type":"PropertyValueSpecification","valueRequired":true,"valueName":"search_term_string"}}],"inLanguage":"fr-FR"}]}},"_links":{"self":[{"href":"http:\/\/bluecare.ch\/fr\/wp-json\/wp\/v2\/pages\/723","targetHints":{"allow":["GET"]}}],"collection":[{"href":"http:\/\/bluecare.ch\/fr\/wp-json\/wp\/v2\/pages"}],"about":[{"href":"http:\/\/bluecare.ch\/fr\/wp-json\/wp\/v2\/types\/page"}],"author":[{"embeddable":true,"href":"http:\/\/bluecare.ch\/fr\/wp-json\/wp\/v2\/users\/1"}],"replies":[{"embeddable":true,"href":"http:\/\/bluecare.ch\/fr\/wp-json\/wp\/v2\/comments?post=723"}],"version-history":[{"count":47,"href":"http:\/\/bluecare.ch\/fr\/wp-json\/wp\/v2\/pages\/723\/revisions"}],"predecessor-version":[{"id":3250,"href":"http:\/\/bluecare.ch\/fr\/wp-json\/wp\/v2\/pages\/723\/revisions\/3250"}],"wp:attachment":[{"href":"http:\/\/bluecare.ch\/fr\/wp-json\/wp\/v2\/media?parent=723"}],"curies":[{"name":"wp","href":"https:\/\/api.w.org\/{rel}","templated":true}]}}