{"id":512,"date":"2022-11-22T17:38:25","date_gmt":"2022-11-22T17:38:25","guid":{"rendered":"https:\/\/bluecare.ch\/fr\/?page_id=512"},"modified":"2023-04-04T13:32:58","modified_gmt":"2023-04-04T11:32:58","slug":"recherche","status":"publish","type":"page","link":"https:\/\/bluecare.ch\/fr\/recherche\/","title":{"rendered":"Recherche"},"content":{"rendered":"\r\n<div id=\"heading-block_637d090a73c0b\" class=\"p-heading\">\r\n    <div class=\"p-heading__container container\">\r\n        <div class=\"p-heading__main\">\r\n            <div class=\"p-heading__content\">\r\n                <h1 class=\"p-heading__title mobile-desktop-title\">\r\n                    <div class=\"h1_animation mobile-desktop-title--desktop\">Que <span>recherchez-vous?<\/span> <\/div>\r\n                    <div class=\"h1_animation mobile-desktop-title--mobile\">Que<br \/>\r\n<span>recherchez-vous?<\/span> <\/div>\r\n                <\/h1>\r\n                            <\/div>\r\n        <\/div>\r\n    <\/div>\r\n<\/div>\r\n<!-- \/p-heading -->\r\n\n\n<div class=\"p-wrapper\">\r\n    <div class=\"p-wrapper__container p-wrapper__container--bg container\">\r\n        \r\n        <div id=\"search-content-block_637d2f21342bf\" class=\"p-content\">\r\n            <div class=\"p-content__search p-search\" data-aos=\"fade-up\" data-aos-delay=\"480\">\r\n                <form class=\"p-search__form\" id=\"search-page-form\" data-notfound=\"Terme de recherche non trouv\u00e9\">\r\n                    <input class=\"p-search__input\" type=\"text\" name=\"p-search\" id=\"p-search\" placeholder=\"Recherche\">\r\n                    <button class=\"p-search__btn\" type=\"submit\">\r\n                        <svg width=\"18\" height=\"18\" fill=\"none\" xmlns=\"http:\/\/www.w3.org\/2000\/svg\"><path d=\"M16.9 18l-6.575-6.575a5.51 5.51 0 01-1.75 1.012 6.186 6.186 0 01-2.125.363c-1.8 0-3.325-.625-4.575-1.875S0 8.167 0 6.4c0-1.767.625-3.275 1.875-4.525C3.125.625 4.642 0 6.425 0c1.767 0 3.27.625 4.513 1.875C12.178 3.125 12.8 4.633 12.8 6.4c0 .717-.117 1.408-.35 2.075a6.344 6.344 0 01-1.05 1.875L18 16.9 16.9 18zM6.425 11.3c1.35 0 2.5-.48 3.45-1.438.95-.958 1.425-2.112 1.425-3.462s-.475-2.504-1.425-3.463c-.95-.958-2.1-1.437-3.45-1.437-1.367 0-2.53.48-3.487 1.438C1.978 3.896 1.5 5.05 1.5 6.4s.48 2.504 1.438 3.463c.958.958 2.12 1.437 3.487 1.437z\" fill=\"#1C2963\"\/><\/svg>                    <\/button>\r\n                <\/form>\r\n            <\/div>\r\n            <div class=\"p-search-result\">\r\n\r\n            <\/div>\r\n        <\/div>\r\n\r\n    <\/div>\r\n<\/div>\r\n","protected":false},"excerpt":{"rendered":"","protected":false},"author":1,"featured_media":0,"parent":0,"menu_order":0,"comment_status":"closed","ping_status":"closed","template":"","meta":{"_acf_changed":false,"inline_featured_image":false,"ngg_post_thumbnail":0,"footnotes":""},"class_list":["post-512","page","type-page","status-publish","hentry"],"acf":[],"yoast_head":"<!-- This site is optimized with the Yoast SEO Premium plugin v25.5 (Yoast SEO v25.5) - https:\/\/yoast.com\/wordpress\/plugins\/seo\/ -->\n<title>Recherche - Bluecare FR<\/title>\n<meta name=\"description\" content=\"Parcourez notre site web par mots-cl\u00e9s ou contactez-nous. Nous sommes \u00e0 votre disposition par t\u00e9l\u00e9phone.\" \/>\n<meta name=\"robots\" content=\"index, follow, max-snippet:-1, max-image-preview:large, max-video-preview:-1\" \/>\n<link rel=\"canonical\" href=\"https:\/\/bluecare.ch\/fr\/recherche\/\" \/>\n<meta property=\"og:locale\" content=\"fr_FR\" \/>\n<meta property=\"og:type\" content=\"article\" \/>\n<meta property=\"og:title\" content=\"Recherche - Bluecare FR\" \/>\n<meta property=\"og:description\" content=\"Parcourez notre site web par mots-cl\u00e9s ou contactez-nous. Nous sommes \u00e0 votre disposition par t\u00e9l\u00e9phone.\" \/>\n<meta property=\"og:url\" content=\"https:\/\/bluecare.ch\/fr\/recherche\/\" \/>\n<meta property=\"og:site_name\" content=\"Bluecare FR\" \/>\n<meta property=\"article:modified_time\" content=\"2023-04-04T11:32:58+00:00\" \/>\n<meta name=\"twitter:card\" content=\"summary_large_image\" \/>\n<script type=\"application\/ld+json\" class=\"yoast-schema-graph\">{\"@context\":\"https:\/\/schema.org\",\"@graph\":[{\"@type\":\"WebPage\",\"@id\":\"https:\/\/bluecare.ch\/fr\/recherche\/\",\"url\":\"https:\/\/bluecare.ch\/fr\/recherche\/\",\"name\":\"Recherche - Bluecare FR\",\"isPartOf\":{\"@id\":\"https:\/\/bluecare.ch\/fr\/#website\"},\"datePublished\":\"2022-11-22T17:38:25+00:00\",\"dateModified\":\"2023-04-04T11:32:58+00:00\",\"description\":\"Parcourez notre site web par mots-cl\u00e9s ou contactez-nous. Nous sommes \u00e0 votre disposition par t\u00e9l\u00e9phone.\",\"inLanguage\":\"fr-FR\",\"potentialAction\":[{\"@type\":\"ReadAction\",\"target\":[\"https:\/\/bluecare.ch\/fr\/recherche\/\"]}]},{\"@type\":\"WebSite\",\"@id\":\"https:\/\/bluecare.ch\/fr\/#website\",\"url\":\"https:\/\/bluecare.ch\/fr\/\",\"name\":\"Bluecare FR\",\"description\":\"Just another WordPress site\",\"potentialAction\":[{\"@type\":\"SearchAction\",\"target\":{\"@type\":\"EntryPoint\",\"urlTemplate\":\"https:\/\/bluecare.ch\/fr\/?s={search_term_string}\"},\"query-input\":{\"@type\":\"PropertyValueSpecification\",\"valueRequired\":true,\"valueName\":\"search_term_string\"}}],\"inLanguage\":\"fr-FR\"}]}<\/script>\n<!-- \/ Yoast SEO Premium plugin. -->","yoast_head_json":{"title":"Recherche - Bluecare FR","description":"Parcourez notre site web par mots-cl\u00e9s ou contactez-nous. Nous sommes \u00e0 votre disposition par t\u00e9l\u00e9phone.","robots":{"index":"index","follow":"follow","max-snippet":"max-snippet:-1","max-image-preview":"max-image-preview:large","max-video-preview":"max-video-preview:-1"},"canonical":"https:\/\/bluecare.ch\/fr\/recherche\/","og_locale":"fr_FR","og_type":"article","og_title":"Recherche - Bluecare FR","og_description":"Parcourez notre site web par mots-cl\u00e9s ou contactez-nous. Nous sommes \u00e0 votre disposition par t\u00e9l\u00e9phone.","og_url":"https:\/\/bluecare.ch\/fr\/recherche\/","og_site_name":"Bluecare FR","article_modified_time":"2023-04-04T11:32:58+00:00","twitter_card":"summary_large_image","schema":{"@context":"https:\/\/schema.org","@graph":[{"@type":"WebPage","@id":"https:\/\/bluecare.ch\/fr\/recherche\/","url":"https:\/\/bluecare.ch\/fr\/recherche\/","name":"Recherche - Bluecare FR","isPartOf":{"@id":"https:\/\/bluecare.ch\/fr\/#website"},"datePublished":"2022-11-22T17:38:25+00:00","dateModified":"2023-04-04T11:32:58+00:00","description":"Parcourez notre site web par mots-cl\u00e9s ou contactez-nous. Nous sommes \u00e0 votre disposition par t\u00e9l\u00e9phone.","inLanguage":"fr-FR","potentialAction":[{"@type":"ReadAction","target":["https:\/\/bluecare.ch\/fr\/recherche\/"]}]},{"@type":"WebSite","@id":"https:\/\/bluecare.ch\/fr\/#website","url":"https:\/\/bluecare.ch\/fr\/","name":"Bluecare FR","description":"Just another WordPress site","potentialAction":[{"@type":"SearchAction","target":{"@type":"EntryPoint","urlTemplate":"https:\/\/bluecare.ch\/fr\/?s={search_term_string}"},"query-input":{"@type":"PropertyValueSpecification","valueRequired":true,"valueName":"search_term_string"}}],"inLanguage":"fr-FR"}]}},"_links":{"self":[{"href":"https:\/\/bluecare.ch\/fr\/wp-json\/wp\/v2\/pages\/512","targetHints":{"allow":["GET"]}}],"collection":[{"href":"https:\/\/bluecare.ch\/fr\/wp-json\/wp\/v2\/pages"}],"about":[{"href":"https:\/\/bluecare.ch\/fr\/wp-json\/wp\/v2\/types\/page"}],"author":[{"embeddable":true,"href":"https:\/\/bluecare.ch\/fr\/wp-json\/wp\/v2\/users\/1"}],"replies":[{"embeddable":true,"href":"https:\/\/bluecare.ch\/fr\/wp-json\/wp\/v2\/comments?post=512"}],"version-history":[{"count":24,"href":"https:\/\/bluecare.ch\/fr\/wp-json\/wp\/v2\/pages\/512\/revisions"}],"predecessor-version":[{"id":3148,"href":"https:\/\/bluecare.ch\/fr\/wp-json\/wp\/v2\/pages\/512\/revisions\/3148"}],"wp:attachment":[{"href":"https:\/\/bluecare.ch\/fr\/wp-json\/wp\/v2\/media?parent=512"}],"curies":[{"name":"wp","href":"https:\/\/api.w.org\/{rel}","templated":true}]}}