{"id":869,"date":"2022-11-30T12:14:52","date_gmt":"2022-11-30T12:14:52","guid":{"rendered":"https:\/\/bluecare.ch\/fr\/?page_id=869"},"modified":"2023-04-06T12:43:00","modified_gmt":"2023-04-06T10:43:00","slug":"contact","status":"publish","type":"page","link":"https:\/\/bluecare.ch\/fr\/contact\/","title":{"rendered":"Contact"},"content":{"rendered":"\n<div id=\"not-available-heading-block_63874922ab02c\" class=\"p-heading\">\n    <div class=\"p-heading__container container\">\n        <div class=\"p-heading__main\">\n            <div class=\"p-heading__content\">\n                <h1 class=\"p-heading__title mobile-desktop-title\">\n                    <div class=\"h1_animation mobile-desktop-title--desktop\"><span>Une question \u00e0 nous poser?<\/span>  <br \/>\r\nNous serons ravis de vous \u00e9couter. <\/div>\n                    <div class=\"h1_animation mobile-desktop-title--mobile\"><span>Une question \u00e0 nous poser?<\/span>  <br \/>\r\nNous serons ravis de vous \u00e9couter. <\/div>\n                <\/h1>\n            <\/div>\n        <\/div>\n    <\/div>\n<\/div>\n\n\n\r\n<div id=\"contact-content-block_638749df49912\" class=\"p-wrapper\">\r\n    <div class=\"p-wrapper__container container\">\r\n        <div class=\"p-content\">\r\n            <div class=\"contact\" data-aos=\"fade-up\" data-aos-delay=\"480\">\r\n                <div class=\"contact__left\">\r\n                    <div class=\"contact-list\">\r\n                        <div class=\"contact-list__item\">\r\n                            <div class=\"b-decor b-decor--contact\">\r\n                                <div class=\"b-decor__inner\">\r\n                                                                    <img loading=\"lazy\" decoding=\"async\" src=\"https:\/\/bluecare.ch\/fr\/wp-content\/uploads\/sites\/3\/2022\/11\/b-decor-1-1.svg\" srcset=\"https:\/\/bluecare.ch\/fr\/wp-content\/uploads\/sites\/3\/2022\/12\/b-decor-1@2x.png 2x\" width=\"74\" height=\"74\" alt=\"\" \/>\r\n                                                                <\/div>\r\n                                <div class=\"b-decor__caption\">\r\n                                    <div>\r\n                                        <a class=\"contact-list__link button button-lined\" href=\"tel:+41 52 235 19 35\">\r\n                                            <div class=\"button-lined--desktop\">+41 52 235 19 35<\/div>\r\n                                            <div class=\"button-lined--mobile\">+41 52 235 19 35<\/div>\r\n                                        <\/a>\r\n                                    <\/div>\r\n                                    <div>\r\n                                        <a class=\"contact-list__link button button-lined\" href=\"mailto:info@bluecare.ch\">\r\n                                            <div class=\"button-lined--desktop\">info@bluecare.ch<\/div>\r\n\t\t                                    <div class=\"button-lined--mobile\">info@bluecare.ch<\/div>\r\n                                        <\/a>\r\n                                    <\/div>\r\n                                <\/div>\r\n                            <\/div>\r\n                        <\/div>\r\n                                                                                                                <div class=\"contact-list__item\">\r\n                                    <div class=\"b-decor b-decor--contact\">\r\n                                        <div class=\"b-decor__inner\">\r\n                                                                                    <img loading=\"lazy\" decoding=\"async\" src=\"https:\/\/bluecare.ch\/fr\/wp-content\/uploads\/sites\/3\/2022\/11\/b-decor-3.svg\" srcset=\"https:\/\/bluecare.ch\/fr\/wp-content\/uploads\/sites\/3\/2022\/12\/b-decor-3@2x.png 2x\" width=\"74\" height=\"74\" alt=\"\" \/>\r\n                                                                                <\/div>\r\n                                        <div class=\"b-decor__caption\">\r\n                                            <strong>BlueCare AG<\/strong>\r\n                                                                                                                                        <a class=\"contact-list__link button button-lined\" href=\"https:\/\/www.google.com\/maps\/place\/Pflanzschulstrasse+3,+8400+Winterthur\/@47.4944404,8.7408684,17z\/data=!3m1!4b1!4m5!3m4!1s0x479a99972bec0ce3:0xcb613d04c6cd819a!8m2!3d47.4944404!4d8.7408684?shorturl=1\" target=\"_blank\">\r\n                                                    <div class=\"button-lined--desktop\"><span>Pflanzschulstrasse 3<\/span>\r\n<span>CH-8400 Winterthour<\/span><\/div>\r\n                                                    <div class=\"button-lined--mobile\"><span>Pflanzschulstrasse 3<\/span>\r\n<span>CH-8400 Winterthour<\/span><\/div>\r\n                                                <\/a>\r\n                                                                                    <\/div>\r\n                                    <\/div>\r\n                                <\/div>\r\n                                                                                        <div class=\"contact-list__item\">\r\n                                    <div class=\"b-decor b-decor--contact\">\r\n                                        <div class=\"b-decor__inner\">\r\n                                                                                    <img loading=\"lazy\" decoding=\"async\" src=\"https:\/\/bluecare.ch\/fr\/wp-content\/uploads\/sites\/3\/2022\/11\/b-decor-4.svg\" srcset=\"https:\/\/bluecare.ch\/fr\/wp-content\/uploads\/sites\/3\/2022\/12\/b-decor-4@2x.png 2x\" width=\"74\" height=\"74\" alt=\"\" \/>\r\n                                                                                <\/div>\r\n                                        <div class=\"b-decor__caption\">\r\n                                            <strong>Stationnement <\/strong>\r\n                                                                                            <p>Parking souterrain de Migros<br \/>\r\n<\/p>\r\n                                                                                                                                        <a class=\"contact-list__link button button-lined\" href=\"https:\/\/www.google.ch\/maps\/place\/47%C2%B029'42.7%22N+8%C2%B044'26.2%22E\/@47.4951944,8.7406111,17z\/data=!3m1!4b1!4m5!3m4!1s0x0:0x4f02c5f4232613ff!8m2!3d47.4951944!4d8.7406111?shorturl=1\" target=\"_blank\">\r\n                                                    <div class=\"button-lined--desktop\"><span>Pflanzschulstrasse 11<\/span>\r\n<span>8400 Winterthour<\/span><\/div>\r\n                                                    <div class=\"button-lined--mobile\"><span>Pflanzschulstrasse 11<\/span>\r\n<span>8400 Winterthour<\/span><\/div>\r\n                                                <\/a>\r\n                                                                                    <\/div>\r\n                                    <\/div>\r\n                                <\/div>\r\n                                                                                        <div class=\"contact-list__item\">\r\n                                    <div class=\"b-decor b-decor--contact\">\r\n                                        <div class=\"b-decor__inner\">\r\n                                                                                    <img loading=\"lazy\" decoding=\"async\" src=\"https:\/\/bluecare.ch\/fr\/wp-content\/uploads\/sites\/3\/2022\/11\/b-decor-5.svg\" srcset=\"https:\/\/bluecare.ch\/fr\/wp-content\/uploads\/sites\/3\/2022\/12\/b-decor-5@2x.png 2x\" width=\"74\" height=\"74\" alt=\"\" \/>\r\n                                                                                <\/div>\r\n                                        <div class=\"b-decor__caption\">\r\n                                            <strong>Acc\u00e8s par les transports publics<\/strong>\r\n                                                                                            <p>En partant de la gare de Winterthour, prenez la ligne de bus 2 en direction de Seen jusqu\u2019\u00e0 l\u2019arr\u00eat \u00abDeutweg\u00bb<\/p>\r\n                                                                                                                                <\/div>\r\n                                    <\/div>\r\n                                <\/div>\r\n                                                                        <\/div>\r\n                <\/div>\r\n                <div class=\"contact__right\">\r\n                    <div class=\"contact-map\">\r\n                        <div class=\"contact-map__inner\">\r\n                                                    <img loading=\"lazy\" decoding=\"async\" class=\"contact-map__logo\" src=\"https:\/\/bluecare.ch\/fr\/wp-content\/uploads\/sites\/3\/2022\/11\/map-logo.svg\" srcset=\"https:\/\/bluecare.ch\/fr\/wp-content\/uploads\/sites\/3\/2022\/11\/map-logo.svg 2x\" width=\"153\" height=\"30\" alt=\"\" \/>\r\n                                                    <div class=\"contact-map__point\">\r\n                                <a class=\"contact-map__point-link\" href=\"https:\/\/www.google.com\/maps\/place\/Pflanzschulstrasse+3,+8400+Winterthur,+%D0%A8%D0%B2%D0%B5%D0%B9%D1%86%D0%B0%D1%80%D0%B8%D1%8F\/@47.4944404,8.7408684,17z\/data=!3m1!4b1!4m5!3m4!1s0x479a99972bec0ce3:0xcb613d04c6cd819a!8m2!3d47.4944404!4d8.7408684\" target=\"_blank\">\r\n                                    <img loading=\"lazy\" decoding=\"async\" class=\"contact-map__point-img\" src=\"https:\/\/bluecare.ch\/fr\/wp-content\/uploads\/sites\/3\/2022\/11\/map-mark.png\" srcset=\"https:\/\/bluecare.ch\/fr\/wp-content\/uploads\/sites\/3\/2022\/11\/map-mark.png 2x\" width=\"33\" height=\"48\" alt=\"\">\r\n                                <\/a>\r\n                                <img loading=\"lazy\" decoding=\"async\" class=\"contact-map__point-plate\" src=\"https:\/\/bluecare.ch\/fr\/wp-content\/uploads\/sites\/3\/2022\/12\/map-plate.png\" srcset=\"https:\/\/bluecare.ch\/fr\/wp-content\/uploads\/sites\/3\/2022\/12\/map-plate@2x.png 2x\" width=\"40\" height=\"12\" alt=\"\">\r\n                            <\/div>\r\n                            <img class=\"contact-map__bg\" data-desktop-image=\"https:\/\/bluecare.ch\/fr\/wp-content\/uploads\/sites\/3\/2022\/11\/map-bg.png\" data-mobile-image=\"https:\/\/bluecare.ch\/fr\/wp-content\/uploads\/sites\/3\/2022\/11\/map-bg-mobile.png\" alt=\"img\">\r\n                        <\/div>\r\n                    <\/div>\r\n                    <div class=\"contact-link\">\r\n                        <a class=\"button button-lined\" href=\"https:\/\/www.google.com\/maps\/place\/Pflanzschulstrasse+3,+8400+Winterthur,+%D0%A8%D0%B2%D0%B5%D0%B9%D1%86%D0%B0%D1%80%D0%B8%D1%8F\/@47.4944404,8.7408684,17z\/data=!3m1!4b1!4m5!3m4!1s0x479a99972bec0ce3:0xcb613d04c6cd819a!8m2!3d47.4944404!4d8.7408684\" target=\"_blank\">\r\n                            <div class=\"button-lined--desktop\">Google Maps<\/div>\r\n\t\t                    <div class=\"button-lined--mobile\">Google Maps<\/div>\r\n                        <\/a>\r\n                    <\/div>\r\n                <\/div>\r\n            <\/div>\r\n        <\/div>\r\n    <\/div>\r\n<\/div>","protected":false},"excerpt":{"rendered":"","protected":false},"author":1,"featured_media":0,"parent":0,"menu_order":0,"comment_status":"closed","ping_status":"closed","template":"","meta":{"_acf_changed":false,"inline_featured_image":false,"ngg_post_thumbnail":0,"footnotes":""},"class_list":["post-869","page","type-page","status-publish","hentry"],"acf":[],"yoast_head":"<!-- This site is optimized with the Yoast SEO Premium plugin v25.5 (Yoast SEO v25.5) - https:\/\/yoast.com\/wordpress\/plugins\/seo\/ -->\n<title>Contact - Bluecare FR<\/title>\n<meta name=\"description\" content=\"Vous avez une question ou une demande? Nous nous tenons volontiers \u00e0 votre disposition pour vous fournir des r\u00e9ponses et des renseignements par t\u00e9l\u00e9phone ou via le formulaire de contact.\" \/>\n<meta name=\"robots\" content=\"index, follow, max-snippet:-1, max-image-preview:large, max-video-preview:-1\" \/>\n<link rel=\"canonical\" href=\"https:\/\/bluecare.ch\/fr\/contact\/\" \/>\n<meta property=\"og:locale\" content=\"fr_FR\" \/>\n<meta property=\"og:type\" content=\"article\" \/>\n<meta property=\"og:title\" content=\"Contact - Bluecare FR\" \/>\n<meta property=\"og:description\" content=\"Vous avez une question ou une demande? Nous nous tenons volontiers \u00e0 votre disposition pour vous fournir des r\u00e9ponses et des renseignements par t\u00e9l\u00e9phone ou via le formulaire de contact.\" \/>\n<meta property=\"og:url\" content=\"https:\/\/bluecare.ch\/fr\/contact\/\" \/>\n<meta property=\"og:site_name\" content=\"Bluecare FR\" \/>\n<meta property=\"article:modified_time\" content=\"2023-04-06T10:43:00+00:00\" \/>\n<meta name=\"twitter:card\" content=\"summary_large_image\" \/>\n<script type=\"application\/ld+json\" class=\"yoast-schema-graph\">{\"@context\":\"https:\/\/schema.org\",\"@graph\":[{\"@type\":\"WebPage\",\"@id\":\"https:\/\/bluecare.ch\/fr\/contact\/\",\"url\":\"https:\/\/bluecare.ch\/fr\/contact\/\",\"name\":\"Contact - Bluecare FR\",\"isPartOf\":{\"@id\":\"https:\/\/bluecare.ch\/fr\/#website\"},\"datePublished\":\"2022-11-30T12:14:52+00:00\",\"dateModified\":\"2023-04-06T10:43:00+00:00\",\"description\":\"Vous avez une question ou une demande? Nous nous tenons volontiers \u00e0 votre disposition pour vous fournir des r\u00e9ponses et des renseignements par t\u00e9l\u00e9phone ou via le formulaire de contact.\",\"inLanguage\":\"fr-FR\",\"potentialAction\":[{\"@type\":\"ReadAction\",\"target\":[\"https:\/\/bluecare.ch\/fr\/contact\/\"]}]},{\"@type\":\"WebSite\",\"@id\":\"https:\/\/bluecare.ch\/fr\/#website\",\"url\":\"https:\/\/bluecare.ch\/fr\/\",\"name\":\"Bluecare FR\",\"description\":\"Just another WordPress site\",\"potentialAction\":[{\"@type\":\"SearchAction\",\"target\":{\"@type\":\"EntryPoint\",\"urlTemplate\":\"https:\/\/bluecare.ch\/fr\/?s={search_term_string}\"},\"query-input\":{\"@type\":\"PropertyValueSpecification\",\"valueRequired\":true,\"valueName\":\"search_term_string\"}}],\"inLanguage\":\"fr-FR\"}]}<\/script>\n<!-- \/ Yoast SEO Premium plugin. -->","yoast_head_json":{"title":"Contact - Bluecare FR","description":"Vous avez une question ou une demande? Nous nous tenons volontiers \u00e0 votre disposition pour vous fournir des r\u00e9ponses et des renseignements par t\u00e9l\u00e9phone ou via le formulaire de contact.","robots":{"index":"index","follow":"follow","max-snippet":"max-snippet:-1","max-image-preview":"max-image-preview:large","max-video-preview":"max-video-preview:-1"},"canonical":"https:\/\/bluecare.ch\/fr\/contact\/","og_locale":"fr_FR","og_type":"article","og_title":"Contact - Bluecare FR","og_description":"Vous avez une question ou une demande? Nous nous tenons volontiers \u00e0 votre disposition pour vous fournir des r\u00e9ponses et des renseignements par t\u00e9l\u00e9phone ou via le formulaire de contact.","og_url":"https:\/\/bluecare.ch\/fr\/contact\/","og_site_name":"Bluecare FR","article_modified_time":"2023-04-06T10:43:00+00:00","twitter_card":"summary_large_image","schema":{"@context":"https:\/\/schema.org","@graph":[{"@type":"WebPage","@id":"https:\/\/bluecare.ch\/fr\/contact\/","url":"https:\/\/bluecare.ch\/fr\/contact\/","name":"Contact - Bluecare FR","isPartOf":{"@id":"https:\/\/bluecare.ch\/fr\/#website"},"datePublished":"2022-11-30T12:14:52+00:00","dateModified":"2023-04-06T10:43:00+00:00","description":"Vous avez une question ou une demande? Nous nous tenons volontiers \u00e0 votre disposition pour vous fournir des r\u00e9ponses et des renseignements par t\u00e9l\u00e9phone ou via le formulaire de contact.","inLanguage":"fr-FR","potentialAction":[{"@type":"ReadAction","target":["https:\/\/bluecare.ch\/fr\/contact\/"]}]},{"@type":"WebSite","@id":"https:\/\/bluecare.ch\/fr\/#website","url":"https:\/\/bluecare.ch\/fr\/","name":"Bluecare FR","description":"Just another WordPress site","potentialAction":[{"@type":"SearchAction","target":{"@type":"EntryPoint","urlTemplate":"https:\/\/bluecare.ch\/fr\/?s={search_term_string}"},"query-input":{"@type":"PropertyValueSpecification","valueRequired":true,"valueName":"search_term_string"}}],"inLanguage":"fr-FR"}]}},"_links":{"self":[{"href":"https:\/\/bluecare.ch\/fr\/wp-json\/wp\/v2\/pages\/869","targetHints":{"allow":["GET"]}}],"collection":[{"href":"https:\/\/bluecare.ch\/fr\/wp-json\/wp\/v2\/pages"}],"about":[{"href":"https:\/\/bluecare.ch\/fr\/wp-json\/wp\/v2\/types\/page"}],"author":[{"embeddable":true,"href":"https:\/\/bluecare.ch\/fr\/wp-json\/wp\/v2\/users\/1"}],"replies":[{"embeddable":true,"href":"https:\/\/bluecare.ch\/fr\/wp-json\/wp\/v2\/comments?post=869"}],"version-history":[{"count":37,"href":"https:\/\/bluecare.ch\/fr\/wp-json\/wp\/v2\/pages\/869\/revisions"}],"predecessor-version":[{"id":3095,"href":"https:\/\/bluecare.ch\/fr\/wp-json\/wp\/v2\/pages\/869\/revisions\/3095"}],"wp:attachment":[{"href":"https:\/\/bluecare.ch\/fr\/wp-json\/wp\/v2\/media?parent=869"}],"curies":[{"name":"wp","href":"https:\/\/api.w.org\/{rel}","templated":true}]}}