{"id":353,"date":"2022-11-16T14:45:45","date_gmt":"2022-11-16T14:45:45","guid":{"rendered":"https:\/\/bluecare.ch\/it\/?post_type=product&#038;p=353"},"modified":"2025-01-14T07:39:49","modified_gmt":"2025-01-14T06:39:49","slug":"soluzioni-managed-care","status":"publish","type":"product","link":"https:\/\/bluecare.ch\/it\/soluzioni-managed-care\/","title":{"rendered":"Managed Care"},"content":{"rendered":"\r\n<section id=\"hero-block_6374f79cb4432\" class=\"hero hero--with_icon\">\r\n\t\t\t<picture class=\"picture_bg\">\r\n\t\t\t<img data-desktop-image=\"https:\/\/bluecare.ch\/it\/wp-content\/uploads\/sites\/2\/2022\/11\/hero-4.jpg\" data-mobile-image=\"https:\/\/bluecare.ch\/it\/wp-content\/uploads\/sites\/2\/2022\/11\/hero-mobile-5.jpg\" alt=\"\" >\r\n\t\t<\/picture>\r\n\t\r\n\t\t\t<picture class=\"hero_icon\">\r\n\t\t\t<img decoding=\"async\" src=\"https:\/\/bluecare.ch\/it\/wp-content\/uploads\/sites\/2\/2022\/10\/hero_icon.png\" srcset=\"https:\/\/bluecare.ch\/it\/wp-content\/uploads\/sites\/2\/2022\/11\/hero_icon@2x.png 2x\" alt=\"\" data-aos=\"fade-up\" data-aos-delay=\"140\" >\r\n\t\t<\/picture>\r\n\t\r\n\t<div class=\"container\">\r\n\t<div class=\"hero__wrap\">\r\n\t\t\t<h1 class=\"hero__wrap-title mobile-desktop-title\">\r\n\t\t\t\t<div class=\"h1_animation mobile-desktop-title--desktop\">\r\n\t\t\t\t\t<span>Managed Care \u2013<\/span> <br \/>\r\ninsieme gestiamo i modelli <br \/>\r\nassicurativi del presente <br \/>\r\ne del futuro\t\t\t\t<\/div>\r\n\t\t\t\t<div class=\"h1_animation mobile-desktop-title--mobile\">\r\n\t\t\t\t\t<span>Managed Care \u2013<\/span> <br \/>\r\ninsieme gestiamo i modelli <br \/>\r\nassicurativi del presente <br \/>\r\ne del futuro  \t\t\t\t<\/div>\r\n\t\t\t<\/h1>\r\n\t\t<\/div>\r\n\t<\/div>\r\n<\/section>\r\n\n\n\r\n<section id=\"benefits-block_6374fee77f06b\" class=\"benefits\">\r\n    <div class=\"container\">\r\n        <div class=\"benefits__text\" data-aos=\"fade-up\" data-aos-delay=\"80\">\r\n            Quella della Managed Care \u00e8 una storia di successo: da circa trenta anni, il \u00abmodello assicurativo del medico di base\u00bb d\u00e0 un contributo fondamentale alla riduzione dei costi e all&#8217;aumento della qualit\u00e0 di trattamento. Il medico di base guida il o la paziente attraverso il sistema sanitario con l&#8217;obiettivo di garantire una terapia ottimale durante l&#8217;intero periodo di cura. E noi di BlueCare facciamo in modo che, grazie ai processi digitali, tutto questo avvenga nel modo pi\u00f9 semplice e privo di complicazioni possibile.          <\/div>\r\n\r\n                    <div class=\"benefits__list\" data-aos=\"fade-up\" data-aos-delay=\"80\">\r\n                                                                <div class=\"benefits__item\">\r\n                                        <div class=\"benefits__item-image\">\r\n                        <img data-desktop-image=\"https:\/\/bluecare.ch\/it\/wp-content\/uploads\/sites\/2\/2022\/11\/benefit-1-1.jpg\" data-mobile-image=\"https:\/\/bluecare.ch\/it\/wp-content\/uploads\/sites\/2\/2022\/11\/benefit-1-1.jpg\" alt=\"\">\r\n                    <\/div>\r\n                    <div class=\"benefits__item-title\">\r\n                        <b>Supportiamo<\/b> le istituzioni sanitarie in caso di modelli assicurativi alternativi                    <\/div>\r\n                                    <\/div>\r\n                                                                <div class=\"benefits__item\">\r\n                                        <div class=\"benefits__item-image\">\r\n                        <img data-desktop-image=\"https:\/\/bluecare.ch\/it\/wp-content\/uploads\/sites\/2\/2022\/11\/benefit-2-1.jpg\" data-mobile-image=\"https:\/\/bluecare.ch\/it\/wp-content\/uploads\/sites\/2\/2022\/11\/benefit-2-1.jpg\" alt=\"\">\r\n                    <\/div>\r\n                    <div class=\"benefits__item-title\">\r\n                        Con gli attori principali del sistema sanitario, <b>diamo forma<\/b> ai modelli assicurativi del futuro                     <\/div>\r\n                                    <\/div>\r\n                                                                <div class=\"benefits__item\">\r\n                                        <div class=\"benefits__item-image\">\r\n                        <img data-desktop-image=\"https:\/\/bluecare.ch\/it\/wp-content\/uploads\/sites\/2\/2022\/11\/benefit-3.jpg\" data-mobile-image=\"https:\/\/bluecare.ch\/it\/wp-content\/uploads\/sites\/2\/2022\/11\/benefit-3.jpg\" alt=\"\">\r\n                    <\/div>\r\n                    <div class=\"benefits__item-title\">\r\n                        <b>Facilitiamo<\/b> controlli della qualit\u00e0 nelle reti di medici nel contesto Managed Care                    <\/div>\r\n                                    <\/div>\r\n                                                                <div class=\"benefits__item\">\r\n                                        <div class=\"benefits__item-image\">\r\n                        <img data-desktop-image=\"https:\/\/bluecare.ch\/it\/wp-content\/uploads\/sites\/2\/2022\/11\/benefit-4.jpg\" data-mobile-image=\"https:\/\/bluecare.ch\/it\/wp-content\/uploads\/sites\/2\/2022\/11\/benefit-4.jpg\" alt=\"\">\r\n                    <\/div>\r\n                    <div class=\"benefits__item-title\">\r\n                        <b>Garantiamo<\/b> una migliore gestione del paziente attraverso il monitoraggio e la vincolativit\u00e0                    <\/div>\r\n                                    <\/div>\r\n                            <\/div>\r\n\r\n            <div class=\"benefits__slider swiper\">\r\n                <div class=\"swiper-wrapper\">\r\n                                                    <div class=\"swiper-slide\">\r\n                        <div class=\"benefits__item\">\r\n                                                                            <div class=\"benefits__item-image\">\r\n                                <img data-desktop-image=\"https:\/\/bluecare.ch\/it\/wp-content\/uploads\/sites\/2\/2022\/11\/benefit-1-1.jpg\" data-mobile-image=\"https:\/\/bluecare.ch\/it\/wp-content\/uploads\/sites\/2\/2022\/11\/benefit-1-1.jpg\" alt=\"\">\r\n                            <\/div>\r\n                            <div class=\"benefits__item-title\">\r\n                                <b>Supportiamo<\/b> le istituzioni sanitarie in caso di modelli assicurativi alternativi                            <\/div>\r\n                                                <\/div>\r\n                    <\/div>\r\n                                                    <div class=\"swiper-slide\">\r\n                        <div class=\"benefits__item\">\r\n                                                                            <div class=\"benefits__item-image\">\r\n                                <img data-desktop-image=\"https:\/\/bluecare.ch\/it\/wp-content\/uploads\/sites\/2\/2022\/11\/benefit-2-1.jpg\" data-mobile-image=\"https:\/\/bluecare.ch\/it\/wp-content\/uploads\/sites\/2\/2022\/11\/benefit-2-1.jpg\" alt=\"\">\r\n                            <\/div>\r\n                            <div class=\"benefits__item-title\">\r\n                                Con gli attori principali del sistema sanitario, <b>diamo forma<\/b> ai modelli assicurativi del futuro                             <\/div>\r\n                                                <\/div>\r\n                    <\/div>\r\n                                                    <div class=\"swiper-slide\">\r\n                        <div class=\"benefits__item\">\r\n                                                                            <div class=\"benefits__item-image\">\r\n                                <img data-desktop-image=\"https:\/\/bluecare.ch\/it\/wp-content\/uploads\/sites\/2\/2022\/11\/benefit-3.jpg\" data-mobile-image=\"https:\/\/bluecare.ch\/it\/wp-content\/uploads\/sites\/2\/2022\/11\/benefit-3.jpg\" alt=\"\">\r\n                            <\/div>\r\n                            <div class=\"benefits__item-title\">\r\n                                <b>Facilitiamo<\/b> controlli della qualit\u00e0 nelle reti di medici nel contesto Managed Care                            <\/div>\r\n                                                <\/div>\r\n                    <\/div>\r\n                                                    <div class=\"swiper-slide\">\r\n                        <div class=\"benefits__item\">\r\n                                                                            <div class=\"benefits__item-image\">\r\n                                <img data-desktop-image=\"https:\/\/bluecare.ch\/it\/wp-content\/uploads\/sites\/2\/2022\/11\/benefit-4.jpg\" data-mobile-image=\"https:\/\/bluecare.ch\/it\/wp-content\/uploads\/sites\/2\/2022\/11\/benefit-4.jpg\" alt=\"\">\r\n                            <\/div>\r\n                            <div class=\"benefits__item-title\">\r\n                                <b>Garantiamo<\/b> una migliore gestione del paziente attraverso il monitoraggio e la vincolativit\u00e0                            <\/div>\r\n                                                <\/div>\r\n                    <\/div>\r\n                                <\/div>\r\n                <div class=\"swiper-pagination\"><\/div>\r\n            <\/div>\r\n\r\n        \r\n    <\/div>\r\n<\/section>\n\n\r\n<section id=\"sliced-block_63750334b0f32\" class=\"sliced sliced--icons\" \r\n\t>\r\n\t\t\t<picture class=\"picture_bg\">\r\n\t\t\t<img class=\"sliced__bg\" data-desktop-image=\"https:\/\/bluecare.ch\/it\/wp-content\/uploads\/sites\/2\/2022\/11\/sliced-triangle-bg.svg\" data-mobile-image=\"https:\/\/bluecare.ch\/it\/wp-content\/uploads\/sites\/2\/2022\/11\/sliced-triangle-bg.svg\" \/>\r\n\t\t<\/picture>\r\n\t\r\n\t<div class=\"sliced__content\">\r\n\t\t<div class=\"container\">\r\n\t\t\t<div class=\"sliced__heading\">\r\n\t\t\t\t\t\t\t\t\t<div class=\"sliced__heading-top h2 mobile-desktop-title\" data-aos=\"fade-in\" data-aos-delay=\"60\">\r\n\t\t\t\t\t\t<div class=\"mobile-desktop-title--desktop\">\r\n\t\t\t\t\t\t\tDiamo forma ai processi di \t\t\t\t\t\t<\/div>\r\n\t\t\t\t\t\t<div class=\"mobile-desktop-title--mobile\">\r\n\t\t\t\t\t\t\tDiamo forma ai processi di \t\t\t\t\t\t<\/div>\r\n\t\t\t\t\t<\/div>\r\n\t\t\t\t\r\n\t\t\t\t\t\t\t\t\t<div class=\"sliced__heading-middle heading\r\n\t\t\t\t\t\t\t\t\t\t\t sliced__heading-middle--icons \">\r\n\t\t\t\t\t\t\t\t\t\t\t\t\t\t\t\t\t\t                            <div class=\"sliced__heading-middle-left\" data-aos=\"fade-in\" data-aos-delay=\"180\">\r\n                                <span><img decoding=\"async\" src=\"https:\/\/bluecare.ch\/it\/wp-content\/uploads\/sites\/2\/2022\/11\/sliced_first-2.svg\" alt=\"\"><\/span>\r\n                            <\/div>\r\n\t\t\t\t\t\t                                                    <div class=\"sliced__heading-middle-right\" data-aos=\"fade-in\" data-aos-delay=\"300\">\r\n                                <span><img decoding=\"async\" src=\"https:\/\/bluecare.ch\/it\/wp-content\/uploads\/sites\/2\/2022\/11\/sliced_second-2.svg\" alt=\"\"><\/span>\r\n                            <\/div>\r\n\t\t\t\t\t\t\t\t\t\t\t<\/div>\r\n\t\t\t\t\r\n\t\t\t\t\t\t\t\t\t<div class=\"sliced__heading-bottom \r\n\t\t\t\t\t h2\" data-aos=\"fade-in\" data-aos-delay=\"420\">\r\n\t\t\t\t\t\t\t\t\t\t\t\t\tdi oggi e di domani\t\t\t\t\t\t\t\t\t\t\t<\/div>\r\n\t\t\t\t\r\n\t\t\t\t\r\n\t\t\t<\/div>\r\n\r\n\t\t\t\t\t\t\t<div class=\"sliced__text\" data-aos=\"fade-in\" data-aos-delay=\"540\">\r\n\t\t\t\t\tLe nostre soluzioni smart nell&#8217;ambito della Managed Care supportano studi medici, reti di medici, organizzazioni di Managed Care e assicurazioni a svolgere il proprio ruolo in modo ottimale nell&#8217;assistenza integrata.\t\t\t\t<\/div>\r\n\t\t\t\r\n\t\t\t\t\t<\/div>\r\n\t<\/div>\r\n<\/section>\r\n\n\n\r\n<section id=\"process-block_637514fcc198e\" class=\"pocesses\">\r\n        <div class=\"pocesses__list\">\r\n\r\n                                \r\n        <div class=\"pocesses__list-item\">\r\n            <div class=\"pocesses__list-item__content\">\r\n            <h2 class=\"pocesses__list-item__content-title mobile-desktop-title\" data-aos=\"fade-up\" data-aos-delay=\"80\">\r\n                    <div class=\"mobile-desktop-title--desktop\">Supporto ai processi di Managed Care \u2013 <br \/>\r\ncon <span>BlueEvidence<\/span><\/div>\r\n                    <div class=\"mobile-desktop-title--mobile\">Supporto ai processi<br \/>\r\ndi Managed Care  \u2013 <br \/>\r\ncon <span>BlueEvidence<\/span><\/div>\r\n                <\/h2>\r\n                <div class=\"pocesses__list-item__content-caption\">\r\n                    <div class=\"pocesses__list-item__content-text\" data-aos=\"fade-up\" data-aos-delay=\"80\">\r\n                        BlueEvidence mette a disposizione una base di dati per la gestione dei pazienti e integra i dati contabili di tutte le compagnie assicurative, cos\u00ec da ottenere dati economici chiave e informazioni rilevanti per il trattamento. BlueEvidence chiude il cerchio di informazioni tra tutti gli attori principali del sistema sanitario e, come hub di dati, fa s\u00ec che le istituzioni sanitarie possano monitorare l&#8217;osservanza delle regole di Managed Care.                    <\/div>\r\n                    <div class=\"pocesses__list-item__content-buttons\" data-aos=\"fade-up\" data-aos-delay=\"80\">\r\n                        <a href=\"\/it\/soluzioni-managed-care\/blueevidence\/\" class=\"button button-lined\">\r\n                            <div class=\"button-lined--desktop\">Maggiori informazioni<\/div>\r\n                            <div class=\"button-lined--mobile\">Maggiori informazioni<\/div>\r\n                        <\/a>\r\n                    <\/div>\r\n                <\/div>\r\n            <\/div>\r\n            <div class=\"pocesses__list-item__image\">\r\n                                    <img decoding=\"async\" src=\"https:\/\/bluecare.ch\/it\/wp-content\/uploads\/sites\/2\/2022\/11\/product-1.jpg\"  class=\"pocesses__list-item__image-main\" alt=\"\" \/>\r\n                \r\n                                    <img decoding=\"async\" src=\"https:\/\/bluecare.ch\/it\/wp-content\/uploads\/sites\/2\/2023\/04\/BlueEvidence_1.png\" class=\"pocesses__list-item__image-icon\" alt=\"\" data-aos=\"fade-in\" data-aos-delay=\"480\" \/>\r\n                            <\/div>\r\n\r\n                            <picture class=\"picture_bg\">\r\n                    <img decoding=\"async\" src=\"https:\/\/bluecare.ch\/it\/wp-content\/themes\/bluecare\/frontend\/assets\/img\/product\/managedCare\/process-triangle-bg.svg\" alt=\"\">\r\n                <\/picture>\r\n            \r\n        <\/div>\r\n                                \r\n        <div class=\"pocesses__list-item\">\r\n            <div class=\"pocesses__list-item__content\">\r\n            <h2 class=\"pocesses__list-item__content-title mobile-desktop-title\" data-aos=\"fade-up\" data-aos-delay=\"80\">\r\n                    <div class=\"mobile-desktop-title--desktop\">Chronic Care <br \/>\r\nManagement con<br \/>\r\n<span>BlueCCM<\/span><\/div>\r\n                    <div class=\"mobile-desktop-title--mobile\">Chronic Care <br \/>\r\nManagement con<br \/>\r\n<span>BlueCCM<\/span><\/div>\r\n                <\/h2>\r\n                <div class=\"pocesses__list-item__content-caption\">\r\n                    <div class=\"pocesses__list-item__content-text\" data-aos=\"fade-up\" data-aos-delay=\"80\">\r\n                        BlueCCM \u00e8 una soluzione web per l&#8217;assistenza a persone con diabete di tipo II, pensata per aumentare la loro aderenza. Gli studi medici possono registrare tutti i \u00abChronic Care Indicators\u00bb, come attivit\u00e0 e dati clinici chiave, cos\u00ec da ottenere un&#8217;evidenza dell&#8217;aderenza come da linee guida. BlueCCM risulta nel punteggio SSED ed \u00e8 un componente fondamentale della nostra soluzione Managed Care, BlueEvidence, ma non \u00e8 limitata agli assicurati Managed Care.                    <\/div>\r\n                    <div class=\"pocesses__list-item__content-buttons\" data-aos=\"fade-up\" data-aos-delay=\"80\">\r\n                        <a href=\"\/it\/blueccm\/\" class=\"button button-lined\">\r\n                            <div class=\"button-lined--desktop\">Maggiori informazioni<\/div>\r\n                            <div class=\"button-lined--mobile\">Maggiori informazioni<\/div>\r\n                        <\/a>\r\n                    <\/div>\r\n                <\/div>\r\n            <\/div>\r\n            <div class=\"pocesses__list-item__image\">\r\n                                    <img decoding=\"async\" src=\"https:\/\/bluecare.ch\/it\/wp-content\/uploads\/sites\/2\/2023\/04\/BlueCCM-Neu_1025x1130_spiegel-2.png\"  class=\"pocesses__list-item__image-main\" alt=\"\" \/>\r\n                \r\n                                    <img decoding=\"async\" src=\"https:\/\/bluecare.ch\/it\/wp-content\/uploads\/sites\/2\/2023\/04\/BlueCCM_2.png\" class=\"pocesses__list-item__image-icon\" alt=\"\" data-aos=\"fade-in\" data-aos-delay=\"480\" \/>\r\n                            <\/div>\r\n\r\n            \r\n        <\/div>\r\n                                \r\n        <div class=\"pocesses__list-item\">\r\n            <div class=\"pocesses__list-item__content\">\r\n            <h2 class=\"pocesses__list-item__content-title mobile-desktop-title\" data-aos=\"fade-up\" data-aos-delay=\"80\">\r\n                    <div class=\"mobile-desktop-title--desktop\">Combinare le attivit\u00e0 di Managed Care \u2013 con <span>AVM*-Hub<\/span><\/div>\r\n                    <div class=\"mobile-desktop-title--mobile\">Combinare le attivit\u00e0 di Managed Care \u2013 con <span>AVM*-Hub<\/span><\/div>\r\n                <\/h2>\r\n                <div class=\"pocesses__list-item__content-caption\">\r\n                    <div class=\"pocesses__list-item__content-text\" data-aos=\"fade-up\" data-aos-delay=\"80\">\r\n                        Il nostro AVM-Hub unisce sistemi, funzioni e servizi in un unico grande insieme, proprio come un sistema modulare. Grazie a esso, medici e assicuratori possono sviluppare nuovi e alternativi modelli di assistenza e assicurazione progettati su misura, ben integrati nello studio medico.<br \/>\r\nLa nostra soluzione BlueConnect funge in questo senso da componente centrale di gestione dei processi, mentre BlueEvidence funge da hub di dati. <br \/>\r\n<br \/>\r\n*AVM sta per \u00abalternative Versorgungs- und Versicherungsmodelle\u00bb, ovvero modelli di assistenza e assicurazione alternativi                    <\/div>\r\n                    <div class=\"pocesses__list-item__content-buttons\" data-aos=\"fade-up\" data-aos-delay=\"80\">\r\n                        <a href=\"\/it\/soluzioni-managed-care\/avm-hub\/\" class=\"button button-lined\">\r\n                            <div class=\"button-lined--desktop\">Maggiori informazioni<\/div>\r\n                            <div class=\"button-lined--mobile\">Maggiori informazioni<\/div>\r\n                        <\/a>\r\n                    <\/div>\r\n                <\/div>\r\n            <\/div>\r\n            <div class=\"pocesses__list-item__image\">\r\n                                    <img decoding=\"async\" src=\"https:\/\/bluecare.ch\/it\/wp-content\/uploads\/sites\/2\/2022\/11\/product-3.jpg\"  class=\"pocesses__list-item__image-main\" alt=\"\" \/>\r\n                \r\n                                    <img decoding=\"async\" src=\"https:\/\/bluecare.ch\/it\/wp-content\/uploads\/sites\/2\/2023\/04\/AVM_Hub_1.png\" class=\"pocesses__list-item__image-icon\" alt=\"\" data-aos=\"fade-in\" data-aos-delay=\"480\" \/>\r\n                            <\/div>\r\n\r\n            \r\n        <\/div>\r\n                                \r\n        <div class=\"pocesses__list-item\">\r\n            <div class=\"pocesses__list-item__content\">\r\n            <h2 class=\"pocesses__list-item__content-title mobile-desktop-title\" data-aos=\"fade-up\" data-aos-delay=\"80\">\r\n                    <div class=\"mobile-desktop-title--desktop\">Confronto sicuro degli elenchi di farmaci \u2013 con <span>BlueMedication<\/span><\/div>\r\n                    <div class=\"mobile-desktop-title--mobile\">Confronto sicuro degli <br \/>\r\nelenchi di farmaci  \u2013 con<br \/>\r\n<span>BlueMedication<\/span><\/div>\r\n                <\/h2>\r\n                <div class=\"pocesses__list-item__content-caption\">\r\n                    <div class=\"pocesses__list-item__content-text\" data-aos=\"fade-up\" data-aos-delay=\"80\">\r\n                        BlueMedication permette agli studi medici di estrarre dai referti ospedalieri la terapia farmacologica alle dimissioni con il minimo sforzo e di confrontarla con i piani farmacoterapeutici dei e delle pazienti in maniera sicura ed efficiente. Le pi\u00f9 importanti reti di medici si impegnano \u2013 anche nel contesto degli obiettivi della Managed Care \u2013 per la sicurezza delle terapie farmacologiche e per una maggiore qualit\u00e0 nei processi farmacoterapeutici. Per farlo, si affidano alle funzioni di BlueMedication.                    <\/div>\r\n                    <div class=\"pocesses__list-item__content-buttons\" data-aos=\"fade-up\" data-aos-delay=\"80\">\r\n                        <a href=\"\/it\/bluemedication\/\" class=\"button button-lined\">\r\n                            <div class=\"button-lined--desktop\">Maggiori informazioni<\/div>\r\n                            <div class=\"button-lined--mobile\">Maggiori informazioni<\/div>\r\n                        <\/a>\r\n                    <\/div>\r\n                <\/div>\r\n            <\/div>\r\n            <div class=\"pocesses__list-item__image\">\r\n                                    <img decoding=\"async\" src=\"https:\/\/bluecare.ch\/it\/wp-content\/uploads\/sites\/2\/2022\/11\/product-4.jpg\"  class=\"pocesses__list-item__image-main\" alt=\"\" \/>\r\n                \r\n                                    <img decoding=\"async\" src=\"https:\/\/bluecare.ch\/it\/wp-content\/uploads\/sites\/2\/2023\/04\/BlueMedication_1.png\" class=\"pocesses__list-item__image-icon\" alt=\"\" data-aos=\"fade-in\" data-aos-delay=\"480\" \/>\r\n                            <\/div>\r\n\r\n            \r\n        <\/div>\r\n        \r\n    <\/div>\r\n    <\/section>","protected":false},"featured_media":0,"parent":0,"menu_order":0,"template":"","meta":{"_acf_changed":false,"inline_featured_image":false,"ngg_post_thumbnail":0},"class_list":["post-353","product","type-product","status-publish","hentry"],"acf":[],"yoast_head":"<!-- This site is optimized with the Yoast SEO Premium plugin v27.5 (Yoast SEO v27.5) - https:\/\/yoast.com\/product\/yoast-seo-premium-wordpress\/ -->\n<title>Managed Care - Bluecare IT<\/title>\n<meta name=\"description\" content=\"Abl\u00e4ufe alternativer Versorgungsmodelle, z.B. Hausarzt-Versicherungsmodell, einfach und reibungslos managen dank unseren L\u00f6sungen.\" \/>\n<meta name=\"robots\" content=\"index, follow, max-snippet:-1, max-image-preview:large, max-video-preview:-1\" \/>\n<link rel=\"canonical\" href=\"https:\/\/bluecare.ch\/it\/soluzioni-managed-care\/\" \/>\n<meta property=\"og:locale\" content=\"it_IT\" \/>\n<meta property=\"og:type\" content=\"article\" \/>\n<meta property=\"og:title\" content=\"Managed Care - Bluecare IT\" \/>\n<meta property=\"og:description\" content=\"Abl\u00e4ufe alternativer Versorgungsmodelle, z.B. Hausarzt-Versicherungsmodell, einfach und reibungslos managen dank unseren L\u00f6sungen.\" \/>\n<meta property=\"og:url\" content=\"https:\/\/bluecare.ch\/it\/soluzioni-managed-care\/\" \/>\n<meta property=\"og:site_name\" content=\"Bluecare IT\" \/>\n<meta property=\"article:modified_time\" content=\"2025-01-14T06:39:49+00:00\" \/>\n<meta name=\"twitter:card\" content=\"summary_large_image\" \/>\n<script type=\"application\/ld+json\" class=\"yoast-schema-graph\">{\"@context\":\"https:\\\/\\\/schema.org\",\"@graph\":[{\"@type\":\"WebPage\",\"@id\":\"https:\\\/\\\/bluecare.ch\\\/it\\\/soluzioni-managed-care\\\/\",\"url\":\"https:\\\/\\\/bluecare.ch\\\/it\\\/soluzioni-managed-care\\\/\",\"name\":\"Managed Care - Bluecare IT\",\"isPartOf\":{\"@id\":\"https:\\\/\\\/bluecare.ch\\\/it\\\/#website\"},\"datePublished\":\"2022-11-16T14:45:45+00:00\",\"dateModified\":\"2025-01-14T06:39:49+00:00\",\"description\":\"Abl\u00e4ufe alternativer Versorgungsmodelle, z.B. Hausarzt-Versicherungsmodell, einfach und reibungslos managen dank unseren L\u00f6sungen.\",\"inLanguage\":\"it-IT\",\"potentialAction\":[{\"@type\":\"ReadAction\",\"target\":[\"https:\\\/\\\/bluecare.ch\\\/it\\\/soluzioni-managed-care\\\/\"]}]},{\"@type\":\"WebSite\",\"@id\":\"https:\\\/\\\/bluecare.ch\\\/it\\\/#website\",\"url\":\"https:\\\/\\\/bluecare.ch\\\/it\\\/\",\"name\":\"Bluecare IT\",\"description\":\"Just another WordPress site\",\"potentialAction\":[{\"@type\":\"SearchAction\",\"target\":{\"@type\":\"EntryPoint\",\"urlTemplate\":\"https:\\\/\\\/bluecare.ch\\\/it\\\/?s={search_term_string}\"},\"query-input\":{\"@type\":\"PropertyValueSpecification\",\"valueRequired\":true,\"valueName\":\"search_term_string\"}}],\"inLanguage\":\"it-IT\"}]}<\/script>\n<!-- \/ Yoast SEO Premium plugin. -->","yoast_head_json":{"title":"Managed Care - Bluecare IT","description":"Abl\u00e4ufe alternativer Versorgungsmodelle, z.B. Hausarzt-Versicherungsmodell, einfach und reibungslos managen dank unseren L\u00f6sungen.","robots":{"index":"index","follow":"follow","max-snippet":"max-snippet:-1","max-image-preview":"max-image-preview:large","max-video-preview":"max-video-preview:-1"},"canonical":"https:\/\/bluecare.ch\/it\/soluzioni-managed-care\/","og_locale":"it_IT","og_type":"article","og_title":"Managed Care - Bluecare IT","og_description":"Abl\u00e4ufe alternativer Versorgungsmodelle, z.B. Hausarzt-Versicherungsmodell, einfach und reibungslos managen dank unseren L\u00f6sungen.","og_url":"https:\/\/bluecare.ch\/it\/soluzioni-managed-care\/","og_site_name":"Bluecare IT","article_modified_time":"2025-01-14T06:39:49+00:00","twitter_card":"summary_large_image","schema":{"@context":"https:\/\/schema.org","@graph":[{"@type":"WebPage","@id":"https:\/\/bluecare.ch\/it\/soluzioni-managed-care\/","url":"https:\/\/bluecare.ch\/it\/soluzioni-managed-care\/","name":"Managed Care - Bluecare IT","isPartOf":{"@id":"https:\/\/bluecare.ch\/it\/#website"},"datePublished":"2022-11-16T14:45:45+00:00","dateModified":"2025-01-14T06:39:49+00:00","description":"Abl\u00e4ufe alternativer Versorgungsmodelle, z.B. Hausarzt-Versicherungsmodell, einfach und reibungslos managen dank unseren L\u00f6sungen.","inLanguage":"it-IT","potentialAction":[{"@type":"ReadAction","target":["https:\/\/bluecare.ch\/it\/soluzioni-managed-care\/"]}]},{"@type":"WebSite","@id":"https:\/\/bluecare.ch\/it\/#website","url":"https:\/\/bluecare.ch\/it\/","name":"Bluecare IT","description":"Just another WordPress site","potentialAction":[{"@type":"SearchAction","target":{"@type":"EntryPoint","urlTemplate":"https:\/\/bluecare.ch\/it\/?s={search_term_string}"},"query-input":{"@type":"PropertyValueSpecification","valueRequired":true,"valueName":"search_term_string"}}],"inLanguage":"it-IT"}]}},"_links":{"self":[{"href":"https:\/\/bluecare.ch\/it\/wp-json\/wp\/v2\/product\/353","targetHints":{"allow":["GET"]}}],"collection":[{"href":"https:\/\/bluecare.ch\/it\/wp-json\/wp\/v2\/product"}],"about":[{"href":"https:\/\/bluecare.ch\/it\/wp-json\/wp\/v2\/types\/product"}],"wp:attachment":[{"href":"https:\/\/bluecare.ch\/it\/wp-json\/wp\/v2\/media?parent=353"}],"curies":[{"name":"wp","href":"https:\/\/api.w.org\/{rel}","templated":true}]}}